{"id":313,"date":"2023-07-07T07:57:47","date_gmt":"2023-07-07T05:57:47","guid":{"rendered":"https:\/\/2atoiture.fr\/?page_id=313"},"modified":"2023-07-09T16:40:56","modified_gmt":"2023-07-09T14:40:56","slug":"services","status":"publish","type":"page","link":"https:\/\/2atoiture.fr\/index.php\/services\/","title":{"rendered":"Services"},"content":{"rendered":"\n<div class=\"wp-block-cover\"><span aria-hidden=\"true\" class=\"wp-block-cover__background has-nv-site-bg-background-color has-background-dim-100 has-background-dim\"><\/span><div class=\"wp-block-cover__inner-container is-layout-flow wp-block-cover-is-layout-flow\">\n<div class=\"alignfull\"><div id=\"metaslider-id-523\" style=\"max-width: 1600px; margin: 0 auto;\" class=\"ml-slider-3-107-0 metaslider metaslider-flex metaslider-523 ml-slider ms-theme-default nav-hidden\" role=\"region\" aria-label=\"service\" data-height=\"400\" data-width=\"1600\">\n    <div id=\"metaslider_container_523\">\n        <div id=\"metaslider_523\">\n            <ul class='slides'>\n                <li style=\"display: block; width: 100%;\" class=\"slide-536 ms-image \" aria-roledescription=\"slide\" data-date=\"2023-07-08 10:32:03\" data-filename=\"service-2-1600x400.jpg\" data-slide-type=\"image\"><img loading=\"lazy\" decoding=\"async\" src=\"https:\/\/2atoiture.fr\/wp-content\/uploads\/2023\/07\/service-2-1600x400.jpg\" height=\"400\" width=\"1600\" alt=\"\" class=\"slider-523 slide-536 msDefaultImage\" title=\"service 2\" \/><\/li>\n                <li style=\"display: none; width: 100%;\" class=\"slide-539 ms-image \" aria-roledescription=\"slide\" data-date=\"2023-07-08 10:32:03\" data-filename=\"service-6-1600x400.jpg\" data-slide-type=\"image\"><img loading=\"lazy\" decoding=\"async\" src=\"https:\/\/2atoiture.fr\/wp-content\/uploads\/2023\/07\/service-6-1600x400.jpg\" height=\"400\" width=\"1600\" alt=\"\" class=\"slider-523 slide-539 msDefaultImage\" title=\"service 6\" \/><\/li>\n                <li style=\"display: none; width: 100%;\" class=\"slide-534 ms-image \" aria-roledescription=\"slide\" data-date=\"2023-07-08 10:32:03\" data-filename=\"service-3-1170x292.jpg\" data-slide-type=\"image\"><img loading=\"lazy\" decoding=\"async\" src=\"https:\/\/2atoiture.fr\/wp-content\/uploads\/2023\/07\/service-3-1170x292.jpg\" height=\"400\" width=\"1600\" alt=\"\" class=\"slider-523 slide-534 msDefaultImage\" title=\"service 3\" \/><\/li>\n                <li style=\"display: none; width: 100%;\" class=\"slide-532 ms-image \" aria-roledescription=\"slide\" data-date=\"2023-07-08 10:32:03\" data-filename=\"sevice7-1024x256.jpg\" data-slide-type=\"image\"><img loading=\"lazy\" decoding=\"async\" src=\"https:\/\/2atoiture.fr\/wp-content\/uploads\/2023\/07\/sevice7-1024x256.jpg\" height=\"400\" width=\"1600\" alt=\"\" class=\"slider-523 slide-532 msDefaultImage\" title=\"sevice7\" \/><\/li>\n                <li style=\"display: none; width: 100%;\" class=\"slide-533 ms-image \" aria-roledescription=\"slide\" data-date=\"2023-07-08 10:32:03\" data-filename=\"service4-500x125.jpg\" data-slide-type=\"image\"><img loading=\"lazy\" decoding=\"async\" src=\"https:\/\/2atoiture.fr\/wp-content\/uploads\/2023\/07\/service4-500x125.jpg\" height=\"400\" width=\"1600\" alt=\"\" class=\"slider-523 slide-533 msDefaultImage\" title=\"service4\" \/><\/li>\n                <li style=\"display: none; width: 100%;\" class=\"slide-538 ms-image \" aria-roledescription=\"slide\" data-date=\"2023-07-08 10:32:03\" data-filename=\"service-5-1024x256.jpg\" data-slide-type=\"image\"><img loading=\"lazy\" decoding=\"async\" src=\"https:\/\/2atoiture.fr\/wp-content\/uploads\/2023\/07\/service-5-1024x256.jpg\" height=\"400\" width=\"1600\" alt=\"\" class=\"slider-523 slide-538 msDefaultImage\" title=\"service 5\" \/><\/li>\n                <li style=\"display: none; width: 100%;\" class=\"slide-535 ms-image \" aria-roledescription=\"slide\" data-date=\"2023-07-08 10:32:03\" data-filename=\"service1-1600x400.jpg\" data-slide-type=\"image\"><img loading=\"lazy\" decoding=\"async\" src=\"https:\/\/2atoiture.fr\/wp-content\/uploads\/2023\/07\/service1-1600x400.jpg\" height=\"400\" width=\"1600\" alt=\"\" class=\"slider-523 slide-535 msDefaultImage\" title=\"service1\" \/><\/li>\n                <li style=\"display: none; width: 100%;\" class=\"slide-537 ms-image \" aria-roledescription=\"slide\" data-date=\"2023-07-08 10:32:03\" data-filename=\"service-7-500x125.jpg\" data-slide-type=\"image\"><img loading=\"lazy\" decoding=\"async\" src=\"https:\/\/2atoiture.fr\/wp-content\/uploads\/2023\/07\/service-7-500x125.jpg\" height=\"400\" width=\"1600\" alt=\"\" class=\"slider-523 slide-537 msDefaultImage\" title=\"service 7\" \/><\/li>\n            <\/ul>\n        <\/div>\n        \n    <\/div>\n<\/div><\/div>\n\n\n\n<h1 class=\"wp-block-heading has-text-align-center has-neve-text-color-color has-text-color\" style=\"font-size:85px\"><strong>Services<\/strong><\/h1>\n\n\n\n<p class=\"has-text-align-center has-neve-text-color-color has-text-color\">Nous comprenons \u00e0 quel point il est important d&rsquo;avoir un toit solide, fiable et en bon \u00e9tat pour prot\u00e9ger votre maison des intemp\u00e9ries. C&rsquo;est pourquoi nous vous proposons nos services professionnels pour la r\u00e9paration de fuites de toit, le d\u00e9moussage, la r\u00e9paration apr\u00e8s des d\u00e9g\u00e2ts climatiques et le nettoyage de goutti\u00e8re.<\/p>\n<\/div><\/div>\n\n\n\n<div class=\"wp-block-columns is-layout-flex wp-container-core-columns-is-layout-9d6595d7 wp-block-columns-is-layout-flex\">\n<div class=\"wp-block-column is-layout-flow wp-block-column-is-layout-flow\">\n<h2 class=\"wp-block-heading has-text-align-center\">D\u00e9moussage de toit<\/h2>\n\n\n\n<p class=\"has-text-align-center\">Le d\u00e9moussage est une \u00e9tape importante pour maintenir la long\u00e9vit\u00e9 de votre toit. Les mousses, les lichens et les algues peuvent se d\u00e9velopper sur les tuiles ou les bardeaux, ce qui peut entra\u00eener des dommages \u00e0 long terme. Notre \u00e9quipe sp\u00e9cialis\u00e9e en d\u00e9moussage utilisera des produits et des techniques appropri\u00e9s pour \u00e9liminer ces d\u00e9p\u00f4ts nuisibles et redonner \u00e0 votre toit son aspect d&rsquo;origine.<\/p>\n<\/div>\n\n\n\n<div class=\"wp-block-column is-layout-flow wp-block-column-is-layout-flow\">\n<h2 class=\"wp-block-heading has-text-align-center\">Nettoyage de goutti\u00e8re<\/h2>\n\n\n\n<p class=\"has-text-align-center\">nous proposons des services de nettoyage de goutti\u00e8re pour assurer un bon \u00e9coulement des eaux de pluie et pr\u00e9venir les obstructions qui pourraient causer des d\u00e9bordements et des dommages \u00e0 la structure de votre toit et \u00e0 votre maison. Notre \u00e9quipe veillera \u00e0 ce que vos goutti\u00e8res soient d\u00e9barrass\u00e9es des feuilles, des d\u00e9bris et de toute autre obstruction, assurant ainsi leur bon fonctionnement.<\/p>\n<\/div>\n<\/div>\n\n\n\n<div class=\"wp-block-columns is-layout-flex wp-container-core-columns-is-layout-9d6595d7 wp-block-columns-is-layout-flex\">\n<div class=\"wp-block-column is-layout-flow wp-block-column-is-layout-flow\">\n<h2 class=\"wp-block-heading has-text-align-center\">R\u00e9paration de fuites<\/h2>\n\n\n\n<p class=\"has-text-align-center\">Lorsque vous constatez une fuite de toit, il est crucial de la r\u00e9parer rapidement pour \u00e9viter tout dommage suppl\u00e9mentaire \u00e0 votre maison. Notre \u00e9quipe de professionnels exp\u00e9riment\u00e9s est form\u00e9e pour identifier et localiser les fuites, puis effectuer les r\u00e9parations n\u00e9cessaires avec pr\u00e9cision et efficacit\u00e9. Nous utilisons des techniques \u00e9prouv\u00e9es et des mat\u00e9riaux de haute qualit\u00e9 pour assurer une r\u00e9paration durable et \u00e9tanche.<\/p>\n<\/div>\n\n\n\n<div class=\"wp-block-column is-layout-flow wp-block-column-is-layout-flow\">\n<h2 class=\"wp-block-heading has-text-align-center\">Intervention d&rsquo;urgence<\/h2>\n\n\n\n<p class=\"has-text-align-center\">Apr\u00e8s des d\u00e9g\u00e2ts climatiques tels que des temp\u00eates, des vents violents ou des chutes d&rsquo;arbres, il est essentiel de faire inspecter et r\u00e9parer votre toit rapidement. Nos experts \u00e9valueront les dommages, effectueront les r\u00e9parations n\u00e9cessaires et vous fourniront des conseils pour pr\u00e9venir de futurs probl\u00e8mes.<\/p>\n<\/div>\n<\/div>\n\n\n\n<div class=\"wp-block-buttons alignwide is-content-justification-center is-layout-flex wp-container-core-buttons-is-layout-16018d1d wp-block-buttons-is-layout-flex\">\n<div class=\"wp-block-button is-style-primary\"><a class=\"wp-block-button__link wp-element-button\" href=\"https:\/\/2atoiture.fr\/index.php\/contact\/\">Je ne perds pas de temps et vous contacte<\/a><\/div>\n<\/div>\n","protected":false},"excerpt":{"rendered":"<p>D\u00e9moussage de toit Le d\u00e9moussage est une \u00e9tape importante pour maintenir la long\u00e9vit\u00e9 de votre toit. Les mousses, les lichens et les algues peuvent se d\u00e9velopper sur les tuiles ou les bardeaux, ce qui peut entra\u00eener des dommages \u00e0 long terme. Notre \u00e9quipe sp\u00e9cialis\u00e9e en d\u00e9moussage utilisera des produits et des techniques appropri\u00e9s pour \u00e9liminer&hellip;&nbsp;<a href=\"https:\/\/2atoiture.fr\/index.php\/services\/\" rel=\"bookmark\">Lire la suite &raquo;<span class=\"screen-reader-text\">Services<\/span><\/a><\/p>\n","protected":false},"author":1,"featured_media":0,"parent":0,"menu_order":0,"comment_status":"closed","ping_status":"closed","template":"","meta":{"neve_meta_sidebar":"","neve_meta_container":"full-width","neve_meta_enable_content_width":"","neve_meta_content_width":0,"neve_meta_title_alignment":"center","neve_meta_author_avatar":"","neve_post_elements_order":"","neve_meta_disable_header":"","neve_meta_disable_footer":"","neve_meta_disable_title":"on","footnotes":""},"class_list":["post-313","page","type-page","status-publish","hentry"],"aioseo_notices":[],"_links":{"self":[{"href":"https:\/\/2atoiture.fr\/index.php\/wp-json\/wp\/v2\/pages\/313","targetHints":{"allow":["GET"]}}],"collection":[{"href":"https:\/\/2atoiture.fr\/index.php\/wp-json\/wp\/v2\/pages"}],"about":[{"href":"https:\/\/2atoiture.fr\/index.php\/wp-json\/wp\/v2\/types\/page"}],"author":[{"embeddable":true,"href":"https:\/\/2atoiture.fr\/index.php\/wp-json\/wp\/v2\/users\/1"}],"replies":[{"embeddable":true,"href":"https:\/\/2atoiture.fr\/index.php\/wp-json\/wp\/v2\/comments?post=313"}],"version-history":[{"count":12,"href":"https:\/\/2atoiture.fr\/index.php\/wp-json\/wp\/v2\/pages\/313\/revisions"}],"predecessor-version":[{"id":588,"href":"https:\/\/2atoiture.fr\/index.php\/wp-json\/wp\/v2\/pages\/313\/revisions\/588"}],"wp:attachment":[{"href":"https:\/\/2atoiture.fr\/index.php\/wp-json\/wp\/v2\/media?parent=313"}],"curies":[{"name":"wp","href":"https:\/\/api.w.org\/{rel}","templated":true}]}}